{"id":1153,"date":"2021-01-04T09:33:07","date_gmt":"2021-01-04T08:33:07","guid":{"rendered":"http:\/\/www.nutrirsi.net\/wp\/?page_id=1153"},"modified":"2021-05-19T09:32:20","modified_gmt":"2021-05-19T07:32:20","slug":"chi-siamo","status":"publish","type":"page","link":"https:\/\/www.nutrirsi.net\/?page_id=1153","title":{"rendered":"Chi siamo"},"content":{"rendered":"<p>[vc_empty_space alter_height=&#8221;huge&#8221; hide_on_desktop=&#8221;&#8221; hide_on_notebook=&#8221;&#8221; hide_on_tablet=&#8221;&#8221; hide_on_mobile=&#8221;&#8221; css=&#8221;.vc_custom_1513260677302{margin-top: 0.25rem !important;}&#8221;]<\/p>\n<h3>Dr Giovanni Moscarella<\/h3>\n<p><img src=\"http:\/\/www.nutrirsi.net\/wp\/wp-content\/uploads\/2021\/01\/WhatsApp-Image-2021-01-25-at-23.59.58.jpeg\" alt=\"Dr giovanni Moscarella\" width=\"70%\" \/><\/p>\n<p style=\"text-align: justify\">Lo Studio di <a style=\"color: #57A40E\">DIETA BIO-SOFICA&reg;<\/a>, sito in <b>Napoli<\/b>, alla Via Diocleziano, 86, &egrave; stato fondato ed &egrave;  diretto da <b>Giovanni Moscarella<\/b>, <b>Biologo Nutrizionista<\/b>, iscritto all\u2019 <b>Ordine Nazionale dei Biologi<\/b> (numero 47230) e <b>Tecnico Allenatore della Federazione Italiana di Atletica Leggera<\/b>. Autore di vari libri sulla nutrizione, molto apprezzati dai lettori e unico nel loro genere, <a style=\"color: #57A40E\">&nbsp;&quot;INIZIAZIONE ALLA DIETA BIO-SOFICA&reg; \u2013 Sulle orme dell\u2019Ovo Sapiens &quot;<\/a>, <a style=\"color: #57A40E\"> &quot;DIETA BIO-SOFICA&reg; &#8211; Nutrire il proprio animo e il proprio corpo&quot;<\/a> e <a style=\"color: #57A40E\"> &quot;SI SALVI CHI SA \u2013 Dieta Bio-Sofica&reg;. Epigenetica e P.N.E.I. per l\u2019evoluzione psicofisica e immunitaria &quot;<\/a>,&nbsp;tutti pubblicati dal gruppo editoriale Mediterranee di Roma, e di numerosi articoli per varie testate giornalistiche, tra le quali <a style=\"color: #57A40E\">&quot;IL DENARO&quot;<\/a> e <a style=\"color: #57A40E\"> \u201cIL CORRIERE DELLA SERA\u201d<\/a>, e per riviste trattanti il benessere, tra cui <a style=\"color: #57A40E\">&quot;VIVER SANI &#038; BELLI&quot;<\/a> e <a style=\"color: #57A40E\">\u201cLA BIOLCA\u201d.<\/a><br \/>\nL\u2019alimentazione viene sempre considerata ad <b>ampio raggio<\/b>, includendo, oltre che i fattori <b>biochimici<\/b> e <b>fisiologici<\/b>, pure i determinanti aspetti <b>antropologici<\/b>, <b>sociali<\/b>, <b>psicologici ambientali<\/b> e <b>motorii<\/b>.<br \/>\nLo Studio si avvale, infatti, di collaborazioni di <b>professionisti<\/b> negli ambiti della <b>Psicologia<\/b> e della <b>Omeopatia<\/b> e propone l\u2019<b>Atletica Leggera<\/b> come input di base per l\u2019azione fisica, oltre che organizzare <b>corsi e seminari<\/b> multidisciplinari per tutti.<br \/>\nL\u2019obiettivo \u00e8 sia quello di divulgare <b>informazioni risolutive<\/b> derivanti dalle ricerche consacrate, ma oggigiorno sempre pi\u00f9 occultate, negli alvei del <b>metabolismo umano<\/b> e delle scienze socio-ambientali, sia di realizzare un\u2019 efficacia specifica nella valutazione dei giusti <b>fabbisogni nutritivi ed energetici<\/b> dell\u2019 individuo, per ridurre la massa grassa corporea migliorando la massa magra attiva, con la conseguenza di annullare le patologie.<\/p>\n<div class=\"sc_services_item_header\"><\/div>\n<div><\/div>\n<\/div>\n<div class=\"vc_row wpb_row vc_row-fluid\">\n<div class=\"wpb_column vc_column_container vc_col-sm-12 sc_layouts_column_icons_position_left\">\n<div class=\"vc_column-inner\">\n<div class=\"wpb_wrapper\">\n<div class=\"vc_empty_space height_huge\" style=\"height: 0px\"><span class=\"vc_empty_space_inner\"><\/span><\/div>\n<div id=\"sc_services_1482456522\" class=\"sc_services color_style_default sc_services_default sc_services_featured_top\">\n<h6 class=\"sc_item_subtitle sc_services_subtitle sc_align_center sc_item_title_style_default\">Strumenti ed obiettivi<\/h6>\n<h2 class=\"sc_item_title sc_services_title sc_align_center sc_item_title_style_default\">Applicazioni<\/h2>\n<div class=\"sc_services_columns_wrap sc_item_columns sc_item_columns_3 trx_addons_columns_wrap columns_padding_bottom\">\n<div class=\"trx_addons_column-1_3\">\n<div class=\"sc_services_item with_content with_image sc_services_item_featured_top\">\n<div class=\"post_featured with_thumb hover_dots sc_services_item_thumb\">\n<p>\n<img width=\"410\" height=\"218\" src=\"http:\/\/www.nutrirsi.net\/wp\/wp-content\/uploads\/2021\/03\/impedez-akerm.png\" class=\"attachment-gracioza-thumb-information size-gracioza-thumb-information wp-post-image\" alt=\"analisi composizione corporea\" loading=\"http:\/\/www.nutrirsi.net\/wp\/wp-content\/uploads\/2021\/03\/impedez-akerm.png 410w, http:\/\/www.nutrirsi.net\/wp\/wp-content\/uploads\/2021\/03\/impedez-akerm.png 820w\" sizes=\"(max-width: 410px) 100vw, 410px\" \/>\n<\/p>\n<div class=\"mask\"><\/div>\n<p><a href=\"https:\/\/www.nutrirsi.net\/?page_id=2414\" aria-hidden=\"true\" class=\"icons\"><span><\/span><span><\/span><span><\/span><\/a><\/div>\n<div class=\"sc_services_item_info\">\n<div class=\"sc_services_item_header\">\n<h4 class=\"sc_services_item_title\">\n<a href=\"https:\/\/www.nutrirsi.net\/?page_id=2414\"><u>Analisi composizione corporea<\/u><\/a><\/h4>\n<div class=\"sc_services_item_subtitle\"><a href=\"https:\/\/www.nutrirsi.net\/wp\/index.php\/services_group\/about-us\/\" title=\"View all posts in About Us\">About Us<\/a><\/div>\n<\/div>\n<div class=\"sc_services_item_content\">\n<p style=\"text-align: justify\">Perdiamo quotidianamente circa trecento milioni di cellule e una miriade di sostanze attive.<br \/> La valutazione dello <b>stato di nutrizione<\/b> attraverso il riscontro della <b>composizione corporea<\/b>, in grasso, liquidi e massa magra attiva, \u00e8 fondamentale per comprendere quale \u00e8 la condizione iniziale, conseguenza dello stile di vita pregresso, e constatare come evolve, attraverso misurazioni successive, dopo avere seguito un <b>programma nutrizionale<\/b> meglio adeguato sulle caratteristiche individuali, considerando soprattutto che la rigenerazione di cellule e catalizzatori avviene maggiormente nella prima parte del giorno.<br \/> L\u2019analisi di composizione corporea effettuata in ogni visita aumenta il ventaglio di informazioni su come <b>migliorare ulteriormente l\u2019impostazione nutrizionale<\/b>, potendo comparare nei vari controlli le quantit\u00e0 di massa grassa, di ritenzione idrica e di massa cellulare (massa magra attiva dei tessuti molli privi di grasso, come muscoli e organi interni).<br \/> Strumento illuminante in tal senso, oltre al <b>plicometro<\/b>, \u00e8 il <b>Soft Tissue Analyzer \u2013 B.I.A., impedenziometro<\/b> validato clinicamente e in dotazione solo ad alcuni policlinici italiani.<\/p>\n<p>&nbsp;&nbsp;&nbsp;&nbsp;&nbsp;&nbsp;&nbsp;&nbsp;&nbsp;&nbsp;&nbsp;&nbsp;&nbsp;&nbsp;&nbsp;<br \/>\n&nbsp;&nbsp;&nbsp;&nbsp;&nbsp;&nbsp;&nbsp;&nbsp;&nbsp;&nbsp;&nbsp;&nbsp;&nbsp;&nbsp;&nbsp;<br \/>\n&nbsp;&nbsp;&nbsp;&nbsp;&nbsp;&nbsp;&nbsp;&nbsp;&nbsp;&nbsp;&nbsp;&nbsp;&nbsp;&nbsp;&nbsp;<br \/>\n&nbsp;&nbsp;&nbsp;&nbsp;&nbsp;&nbsp;&nbsp;&nbsp;&nbsp;&nbsp;&nbsp;&nbsp;&nbsp;&nbsp;&nbsp;<br \/>\n&nbsp;&nbsp;&nbsp;&nbsp;&nbsp;&nbsp;&nbsp;&nbsp;&nbsp;&nbsp;&nbsp;&nbsp;&nbsp;&nbsp;&nbsp;<br \/>\n&nbsp;&nbsp;&nbsp;&nbsp;&nbsp;&nbsp;&nbsp;&nbsp;&nbsp;&nbsp;&nbsp;&nbsp;&nbsp;&nbsp;&nbsp;<br \/>\n&nbsp;&nbsp;&nbsp;&nbsp;&nbsp;&nbsp;&nbsp;&nbsp;&nbsp;&nbsp;&nbsp;&nbsp;&nbsp;&nbsp;&nbsp;<br \/>\n&nbsp;&nbsp;&nbsp;&nbsp;&nbsp;&nbsp;&nbsp;&nbsp;&nbsp;&nbsp;&nbsp;&nbsp;&nbsp;&nbsp;&nbsp;<\/p>\n<\/div>\n<div class=\"sc_services_item_button sc_item_button\"><a href=\"https:\/\/www.nutrirsi.net\/wp\/?page_id=1158\" class=\"sc_button sc_button color_style_link2\">Contattaci<\/a><\/div>\n<\/div>\n<\/div>\n<\/div>\n<div class=\"trx_addons_column-1_3\">\n<div class=\"sc_services_item with_content with_image sc_services_item_featured_top\">\n<div class=\"post_featured with_thumb hover_dots sc_services_item_thumb\">\n<img width=\"410\" height=\"218\" src=\"http:\/\/www.nutrirsi.net\/wp\/wp-content\/uploads\/2021\/01\/consulenza_nutrz_bio_sof.png\" class=\"attachment-gracioza-thumb-information size-gracioza-thumb-information wp-post-image\" alt=\"\" loading=\"http:\/\/www.nutrirsi.net\/wp\/wp-content\/uploads\/2021\/01\/consulenza_nutrz_bio_sof.png 410w, http:\/\/www.nutrirsi.net\/wp\/wp-content\/uploads\/2021\/01\/consulenza_nutrz_bio_sof.png 820w\" sizes=\"(max-width: 410px) 100vw, 410px\" \/><\/p>\n<div class=\"mask\"><\/div>\n<p><a href=\"https:\/\/www.nutrirsi.net\/?page_id=2408\" aria-hidden=\"true\" class=\"icons\"><span><\/span><span><\/span><span><\/span><\/a><\/div>\n<div class=\"sc_services_item_info\">\n<div class=\"sc_services_item_header\">\n<h4 class=\"sc_services_item_title\"><a href=\"https:\/\/www.nutrirsi.net\/?page_id=2408\"><u>Consulenza<br \/>\nnutrizionale<\/u><\/a><\/h4>\n<div class=\"sc_services_item_subtitle\"><a href=\"#\" title=\"View all posts in About Us\">About Us<\/a><\/div>\n<\/div>\n<div class=\"sc_services_item_content\">\n<p style=\"text-align: justify\"><b>Consulenza nutrizionale<\/b> con <b>programmi di alimentazione del tutto individualizzati<\/b> sulla base di esigenze, gusti e opportunit\u00e0 organizzative.<br \/>\nOgni individuo, in quanto tale, \u00e8 totalmente diverso dagli altri. La considerazione di tutte le esperienze alimentari, psicosociali, motorie, ambientali \u00e8 determinante per concepire una nuova impostazione nutritiva mirata ed efficace.<br \/> Attraverso un <b>dettagliato questionario<\/b> e un approfondito confronto si pu\u00f2 sapere, oltre che intuire, come rendere l\u2019attuazione del nuovo stile di vita alimentare, pratica, saziante, gustosa e ben integrata in tutte le componenti esistenziali individuali, comprese le abitudini familiari e gli aspetti conviviali e organizzativi, <b>senza rinunce e sacrifici<\/b> che alla lunga non permetterebbero di far divenire spontaneo comportamento corretto definitivo il nuovo corso alimentare.<br \/> Oltre alle visite di controllo, vi saranno <b>continui aggiornamenti anche a distanza<\/b>, per ovviare a qualsiasi dubbio o difficolt\u00e0 e aggiustare subito il tiro sulla base delle sensazioni espresse da chi \u00e8 protagonista di un nuovo percorso.<\/p>\n<p>&nbsp;&nbsp;&nbsp;&nbsp;&nbsp;&nbsp;&nbsp;&nbsp;&nbsp;&nbsp;&nbsp;&nbsp;&nbsp;&nbsp;&nbsp;<br \/>\n&nbsp;&nbsp;&nbsp;&nbsp;&nbsp;&nbsp;&nbsp;&nbsp;&nbsp;&nbsp;&nbsp;&nbsp;&nbsp;&nbsp;&nbsp;<br \/>\n&nbsp;&nbsp;&nbsp;&nbsp;&nbsp;&nbsp;&nbsp;&nbsp;&nbsp;&nbsp;&nbsp;&nbsp;&nbsp;&nbsp;&nbsp;<br \/>\n&nbsp;&nbsp;&nbsp;&nbsp;&nbsp;&nbsp;&nbsp;&nbsp;&nbsp;&nbsp;&nbsp;&nbsp;&nbsp;&nbsp;&nbsp;<br \/>\n&nbsp;&nbsp;&nbsp;&nbsp;&nbsp;&nbsp;&nbsp;&nbsp;&nbsp;&nbsp;&nbsp;&nbsp;&nbsp;&nbsp;&nbsp;<br \/>\n&nbsp;&nbsp;&nbsp;&nbsp;&nbsp;&nbsp;&nbsp;&nbsp;&nbsp;&nbsp;&nbsp;&nbsp;&nbsp;&nbsp;&nbsp;<br \/>\n&nbsp;&nbsp;&nbsp;&nbsp;&nbsp;&nbsp;&nbsp;&nbsp;&nbsp;&nbsp;&nbsp;&nbsp;&nbsp;&nbsp;&nbsp;<br \/>\n&nbsp;&nbsp;&nbsp;&nbsp;&nbsp;&nbsp;&nbsp;&nbsp;&nbsp;&nbsp;&nbsp;&nbsp;&nbsp;&nbsp;&nbsp;<br \/>\n&nbsp;&nbsp;&nbsp;&nbsp;&nbsp;&nbsp;&nbsp;&nbsp;&nbsp;&nbsp;&nbsp;&nbsp;&nbsp;&nbsp;&nbsp;<br \/>\n&nbsp;&nbsp;&nbsp;&nbsp;&nbsp;&nbsp;&nbsp;&nbsp;&nbsp;&nbsp;&nbsp;&nbsp;&nbsp;&nbsp;&nbsp;\n<\/p>\n<\/div>\n<div class=\"sc_services_item_button sc_item_button\"><a href=\"https:\/\/www.nutrirsi.net\/wp\/?page_id=1158\" class=\"sc_button sc_button color_style_link2\">Contattaci<\/a><\/div>\n<\/div>\n<\/div>\n<\/div>\n<div class=\"trx_addons_column-1_3\">\n<div class=\"sc_services_item with_content with_image sc_services_item_featured_top\">\n<div class=\"post_featured with_thumb hover_dots sc_services_item_thumb\">\n<img width=\"410\" height=\"218\" src=\"http:\/\/www.nutrirsi.net\/wp\/wp-content\/uploads\/2021\/01\/obesita_dieta.jpg\" class=\"attachment-gracioza-thumb-information size-gracioza-thumb-information wp-post-image\" alt=\"\" loading=\"http:\/\/www.nutrirsi.net\/wp\/wp-content\/uploads\/2021\/01\/obesita_dieta.jpg\" 410w, http:\/\/www.nutrirsi.net\/wp\/wp-content\/uploads\/2021\/01\/obesita_dieta.jpg\" 820w\" sizes=\"(max-width: 410px) 100vw, 410px\" \/><\/p>\n<div class=\"mask\"><\/div>\n<p><a href=\"https:\/\/www.nutrirsi.net\/?page_id=2419\" aria-hidden=\"true\" class=\"icons\"><span><\/span><span><\/span><span><\/span><\/a><\/div>\n<div class=\"sc_services_item_info\">\n<div class=\"sc_services_item_header\">\n<h4 class=\"sc_services_item_title\"><a href=\"https:\/\/www.nutrirsi.net\/?page_id=2419\"><u>Trattamento<br \/>\nper obesit&agrave;<\/u><\/a><\/h4>\n<div class=\"sc_services_item_subtitle\"><a href=\"#\" title=\"View per obesit&agrave;<\/a><\/h4>\n<div class=\"sc_services_item_subtitle\"><a href=\"#\" title=\"View all posts in About Us\">About Us<\/a><\/div>\n<\/div>\n<div class=\"sc_services_item_content\">\n<p style=\"text-align: justify\"><b>Trattamento di obesit&agrave;<\/b> e di <b>stati disfunzionali psicofisici<\/b>, che sono sempre dovuti a incompletezza e scarsa qualit\u00e0 nutrizionale nella prima parte del giorno.<br \/> Decenni di esperienza hanno sancito che non \u00e8 l\u2019eccesso alimentare la causa di ingrassamento e di stati patologici. Sono sempre i <b>deficit nutritivi nella prima parte del giorno<\/b> che, riducendo il recupero di massa magra attiva, limitano il consumo calorico, la voglia di muoversi e di agire e la funzionalit\u00e0 organica, oltre che la capacit\u00e0 di gestire in modo costruttivo gli stress, provocando fame compensativa pomeridiano-serale. Pasti disordinati e poco qualitativi nella seconda parte del giorno, quando il metabolismo \u00e8 pi\u00f9 lento, portano ad accumulare grasso di prevenzione per la memoria delle falle alimentari mattutine maturata dall\u2019organismo.<br \/> In pi\u00f9, di sera,  vengono sovraccaricati gli organi che devono affrontare digestioni particolarmente ostili in orari che sarebbero naturalmente di quiete per essi.<br \/>\nUna delle dimostrazioni di ci\u00f2 che viene specificato \u00e8 che tutti i grandi obesi sono diventati tali perch\u00e9 hanno a pi\u00f9 riprese tentato di dimagrire mediante restrizioni nutritive, venendone fuori sempre con pi\u00f9 grasso corporeo di riserva rispetto a prima&#8230; e sempre con maggiori disfunzioni organiche.<br \/>\n<b>Dimagrire<\/b> significa apportare tutti i nutrienti in forma saziante e gustosa in modo cronologicamente corretto, altrimenti il tutto si traduce in un calvario senza uscita.<\/p>\n<\/div>\n<div class=\"sc_services_item_button sc_item_button\"><a href=\"https:\/\/www.nutrirsi.net\/wp\/?page_id=1158\" class=\"sc_button sc_button color_style_link2\">Contattaci<\/a><\/div>\n<\/div>\n<\/div>\n<\/div>\n","protected":false},"excerpt":{"rendered":"<p>[vc_empty_space alter_height=&#8221;huge&#8221; hide_on_desktop=&#8221;&#8221; hide_on_notebook=&#8221;&#8221; hide_on_tablet=&#8221;&#8221; hide_on_mobile=&#8221;&#8221; css=&#8221;.vc_custom_1513260677302{margin-top: 0.25rem !important;}&#8221;] Dr Giovanni Moscarella Lo Studio di DIETA BIO-SOFICA&reg;, sito in Napoli, alla Via Diocleziano, 86, &egrave; stato fondato ed &egrave; diretto&hellip;<\/p>\n","protected":false},"author":1,"featured_media":0,"parent":0,"menu_order":0,"comment_status":"closed","ping_status":"closed","template":"","meta":[],"_links":{"self":[{"href":"https:\/\/www.nutrirsi.net\/index.php?rest_route=\/wp\/v2\/pages\/1153"}],"collection":[{"href":"https:\/\/www.nutrirsi.net\/index.php?rest_route=\/wp\/v2\/pages"}],"about":[{"href":"https:\/\/www.nutrirsi.net\/index.php?rest_route=\/wp\/v2\/types\/page"}],"author":[{"embeddable":true,"href":"https:\/\/www.nutrirsi.net\/index.php?rest_route=\/wp\/v2\/users\/1"}],"replies":[{"embeddable":true,"href":"https:\/\/www.nutrirsi.net\/index.php?rest_route=%2Fwp%2Fv2%2Fcomments&post=1153"}],"version-history":[{"count":98,"href":"https:\/\/www.nutrirsi.net\/index.php?rest_route=\/wp\/v2\/pages\/1153\/revisions"}],"predecessor-version":[{"id":2457,"href":"https:\/\/www.nutrirsi.net\/index.php?rest_route=\/wp\/v2\/pages\/1153\/revisions\/2457"}],"wp:attachment":[{"href":"https:\/\/www.nutrirsi.net\/index.php?rest_route=%2Fwp%2Fv2%2Fmedia&parent=1153"}],"curies":[{"name":"wp","href":"https:\/\/api.w.org\/{rel}","templated":true}]}}