{"id":1606,"date":"2021-02-18T21:49:59","date_gmt":"2021-02-18T20:49:59","guid":{"rendered":"http:\/\/www.nutrirsi.net\/wp\/?page_id=1606"},"modified":"2021-02-26T12:05:37","modified_gmt":"2021-02-26T11:05:37","slug":"cookie-policy","status":"publish","type":"page","link":"https:\/\/www.nutrirsi.net\/?page_id=1606","title":{"rendered":"Cookie policy"},"content":{"rendered":"<p>[vc_row hide_bg_image_on_tablet=&#8221;&#8221; hide_bg_image_on_mobile=&#8221;&#8221; css=&#8221;.vc_custom_1527690588959{background-color: #f7f8f9 !important;}&#8221;][vc_column icons_position=&#8221;left&#8221;][vc_empty_space height=&#8221;4em&#8221; alter_height=&#8221;none&#8221; hide_on_desktop=&#8221;&#8221; hide_on_notebook=&#8221;&#8221; hide_on_tablet=&#8221;&#8221; hide_on_mobile=&#8221;&#8221;]<div id=\"sc_content_1179916777\"\r\n\t\tclass=\"sc_content color_style_default sc_content_default sc_float_center p70\"><div class=\"sc_content_container\">[vc_column_text]<\/p>\n<p>[vc_row][vc_column icons_position=&#8221;left&#8221;][vc_empty_space height=&#8221;70px&#8221; alter_height=&#8221;none&#8221; hide_on_desktop=&#8221;&#8221; hide_on_notebook=&#8221;&#8221; hide_on_tablet=&#8221;&#8221; hide_on_mobile=&#8221;&#8221;][\/vc_column][\/vc_row][vc_row hide_bg_image_on_tablet=&#8221;&#8221; hide_bg_image_on_mobile=&#8221;&#8221; css=&#8221;.vc_custom_1527690597112{background-color: #f7f8f9 !important;}&#8221;][vc_column icons_position=&#8221;left&#8221;][vc_empty_space height=&#8221;4em&#8221; alter_height=&#8221;none&#8221; hide_on_desktop=&#8221;&#8221; hide_on_notebook=&#8221;&#8221; hide_on_tablet=&#8221;&#8221; hide_on_mobile=&#8221;&#8221;][vc_column_text]<br \/>\n<\/br><\/br><\/br><\/p>\n<h5>Introduzione<\/h5>\n<p><span style=\"font-weight: 400;\">Il Sito https:\/\/www.nutrirsi.net (di seguito \u201cSito\u201d) utilizza cookie per le seguenti finalit\u00e0:<br \/>\nesecuzione di autenticazioni informatiche, monitoraggio di sessioni, memorizzazione di informazioni su specifiche configurazioni riguardanti gli utenti che accedono al server. Il presente documento fornisce informazioni dettagliate sull\u2019uso dei cookie e di tecnologie simili, su come sono utilizzati sul Sito e su come gestirli. I visitatori hanno la possibilit\u00e0 di configurare il proprio browser in modo da essere avvisati della ricezione dei cookie o rifiutarli. L\u2019accettazione dei cookie da parte del browser pu\u00f2 essere disabilitata attraverso la modifica delle suddette impostazioni. Per maggiori informazioni sul trattamento dei dati personali da parte del Titolare del Trattamento, clicca qui https:\/\/www.nutrirsi.net\/privacy\/).<\/span><\/p>\n<h5>1. Definizione<\/h5>\n<p><span style=\"font-weight: 400;\">I cookie sono brevi frammenti di testo (lettere e\/o numeri) che permettono al server web di memorizzare sul browser informazioni da riutilizzare nel corso della medesima visita al sito (cookie di sessione) o in seguito, anche a distanza di giorni (cookie persistenti). I cookie vengono memorizzati, in base alle preferenze dell\u2019utente, dal singolo browser sullo specifico dispositivo utilizzato (computer, tablet, smartphone).<\/span><\/p>\n<h5>2. Tipologie di cookie<\/h5>\n<h6 style=\"margin-top: 1.5em;\"><span style=\"font-weight: 400;\">2.1. Esistono diverse categorie di cookie, con caratteristiche e utilizzi diversi:<\/span><\/h6>\n<p>a) Cookie tecnici: si tratta di cookie indispensabili per il corretto funzionamento del sito e sono utilizzati al solo fine di effettuare la trasmissione di una comunicazione su una rete di comunicazione elettronica, o nella misura strettamente necessaria al fornitore di un servizio della societ\u00e0 dell\u2019informazione esplicitamente richiesto dall\u2019abbonato o dall\u2019Utente a erogare tale servizio;<\/p>\n<p>b) Cookie analitici: sono cookie utilizzati per raccogliere e analizzare il traffico e l\u2019utilizzo del sito in modo anonimo. Questi cookie, pur senza identificare l\u2019utente, consentono, per esempio, di rilevare se il medesimo utente torna a collegarsi in momenti diversi. Permettono inoltre di monitorare il sistema e migliorarne le prestazioni e l\u2019usabilit\u00e0. La disattivazione di tali cookie pu\u00f2 essere eseguita senza alcuna perdita di funzionalit\u00e0.<\/p>\n<p>c) Cookie di profilazione: si tratta di cookie persistenti utilizzati per identificare (in modo anonimo e non) le preferenze dell\u2019utente e migliorare la sua esperienza di navigazione.<\/p>\n<p>d) Cookie di terze parti (analitici e\/o di profilazione): si tratta di cookie generati da organizzazioni non facenti capo al Sito, ma integrati in parti della pagina del Sito. Si pensi ad esempio ai \u201cwidget\u201d di Google (ad es. Google Maps) o ai \u201csocial plugin\u201d (Facebook, Twitter, LinkedIn, ecc.).<\/p>\n<h6 style=\"margin-top: 1.5em;\"><span style=\"font-weight: 400;\">2.2. La gestione delle informazioni raccolte da \u201cterze parti\u201d \u00e8 disciplinata dalle relative informative cui si prega di fare riferimento, e che per comodit\u00e0 sono indicate nei link riportati di seguito.<\/span><\/h6>\n<h5>3. Tipologie di cookie utilizzati<\/h5>\n<h6 style=\"margin-top: 1.5em;\"><span style=\"font-weight: 400;\">3.1. Il Sito utilizza i seguenti cookie:<\/span><\/h6>\n<div id=\"sc_table_1267972031_wrap\" class=\"sc_table_wrap\"><div id=\"sc_table_1267972031\"\r\n\t\t\tclass=\"sc_table sc_table_default\" style=\"width:100%;\"><\/p>\n<table>\n<tbody>\n<tr>\n<th style=\"text-align: center;\">N<\/th>\n<th style=\"text-align: center;\">Cookie<\/th>\n<th style=\"text-align: center;\">Dominio\/utlizzatore<\/th>\n<th style=\"text-align: center;\">Descrizione<\/th>\n<th style=\"text-align: center;\">Durata<\/th>\n<\/tr>\n<tr>\n<td style=\"text-align: center;\">1<\/td>\n<td style=\"text-align: center;\">cookielawinfo-checbox-analytics<\/td>\n<td style=\"text-align: center;\">www.nutrirsi.net<\/td>\n<td style=\"text-align: center;\">Il cookie viene utilizzato per memorizzare il consenso<br \/>\n    dell\u2019utente per i cookie nella categoria \u201cAnalytics\u201d.\n    <\/td>\n<td style=\"text-align: center;\">11 mesi<\/td>\n<\/tr>\n<tr>\n<td style=\"text-align: center;\">2<\/td>\n<td style=\"text-align: center;\">cookielawinfo-checbox-functional<\/td>\n<td style=\"text-align: center;\">www.nutrirsi.net<\/td>\n<td style=\"text-align: center;\">\n    Viene utilizzato per registrare il consenso dell\u2019utente per i cookie nella categoria<br \/>\n    \u201cFunzionali\u201d.\n    <\/td>\n<td style=\"text-align: center;\">11 mesi<\/td>\n<\/tr>\n<tr>\n<td style=\"text-align: center;\">3<\/td>\n<td style=\"text-align: center;\">cookielawinfo-checbox-others<\/td>\n<td style=\"text-align: center;\">www.nutrirsi.net<\/td>\n<td style=\"text-align: center;\">\n    viene utilizzato per memorizzare il consenso dell\u2019utente per i cookie nella categoria<br \/>\n    \u201caltro\u201d. <\/td>\n<td style=\"text-align: center;\">11 mesi<\/td>\n<\/tr>\n<tr>\n<td style=\"text-align: center;\">4<\/td>\n<td style=\"text-align: center;\">cookielawinfo-checkbox-necessary<\/td>\n<td style=\"text-align: center;\">www.nutrirsi.net<\/td>\n<td style=\"text-align: center;\">\n    Il cookie viene utilizzato per memorizzare il consenso dell\u2019utente per i cookie nella<br \/>\n    categoria \u201cNecessario\u201d.  <\/td>\n<td style=\"text-align: center;\">11 mesi<\/td>\n<\/tr>\n<tr>\n<td style=\"text-align: center;\">5<\/td>\n<td style=\"text-align: center;\">cookielawinfo-checkbox-performance<\/td>\n<td style=\"text-align: center;\">www.nutrirsi.net<\/td>\n<td style=\"text-align: center;\">\n    Il cookie viene utilizzato per memorizzare il consenso dell\u2019utente per i cookie nella<br \/>\n    categoria \u201cPrestazioni\u201d.<\/td>\n<td style=\"text-align: center;\">11 mesi<\/td>\n<\/tr>\n<tr>\n<td style=\"text-align: center;\">6<\/td>\n<td style=\"text-align: center;\">viewed_cookie_policy<\/td>\n<td style=\"text-align: center;\">www.nutrirsi.net<\/td>\n<td style=\"text-align: center;\">\n    Cookie Consent e viene utilizzato per memorizzare se l\u2019utente ha acconsentito o meno<br \/>\n    all\u2019uso dei cookie. Non memorizza alcun dato personale.<\/td>\n<td style=\"text-align: center;\">11 mesi<\/td>\n<\/tr>\n<tr>\n<td style=\"text-align: center;\">7<\/td>\n<td style=\"text-align: center;\">trx_addons_is_retina<\/td>\n<td style=\"text-align: center;\">www.nutrirsi.net<\/td>\n<td style=\"text-align: center;\">\n    Viene utilizzato per memorizzare se l\u2019utente ha un display retina.<br \/>\n    Non memorizza alcun dato personale.<\/td>\n<td style=\"text-align: center;\">12 mesi<\/td>\n<\/tr>\n<tr>\n<td style=\"text-align: center;\">8<\/td>\n<td style=\"text-align: center;\">VISITOR_INFO1_LIVE<\/td>\n<td style=\"text-align: center;\">www.youtube.com<\/td>\n<td style=\"text-align: center;\">\n    Questo cookie \u00e8 impostato da Youtube. Utilizzato per tenere traccia delle informazioni dei<br \/>\n    video di YouTube incorporati su un sito Web.<\/td>\n<td style=\"text-align: center;\">6 mesi<\/td>\n<\/tr>\n<tr>\n<td style=\"text-align: center;\">9<\/td>\n<td style=\"text-align: center;\">YSC<\/td>\n<td style=\"text-align: center;\">www.youtube.com<\/td>\n<td style=\"text-align: center;\">\n    Questo cookie \u00e8 impostato da Youtube e viene utilizzato per tracciare le visualizzazioni<br \/>\n    dei video incorporati.\n    <\/td>\n<td style=\"text-align: center;\">max 24 ore<\/td>\n<\/tr>\n<\/tbody>\n<\/table>\n<p>    <\/div><\/div><!-- \/.sc_table_wrap -->\n<h5>4. Gestione<\/h5>\n<h6 style=\"margin-top: 1.5em;\"><span style=\"font-weight: 400;\">4.1. il Visitatore pu\u00f2 decidere se accettare o meno i cookie utilizzando le impostazioni del proprio browser.<\/span><\/h6>\n<h6 style=\"margin-top: 1.5em;\"><span style=\"font-weight: 400;\">4.2. La fruibilit\u00e0 dei contenuti \u00e8 possibile anche disabilitando completamente i cookie, ad eccezione di quelli \u201cdi sessione\u201d nel caso in cui l\u2019Utente voglia autenticarsi, e la disabilitazione dei cookie \u201cterze parti\u201d non pregiudica in alcun modo la navigabilit\u00e0 del Sito.<\/span><\/h6>\n<h6 style=\"margin-top: 1.5em;\"><span style=\"font-weight: 400;\">4.3. L\u2019impostazione pu\u00f2 essere definita in modo specifico per i diversi siti e applicazioni web. Inoltre i migliori browser consentono di definire impostazioni diverse per vari tipi di cookie:<\/span><\/h6>\n<p>a) Firefox: https:\/\/support.mozilla.org\/it\/kb\/Gestione%20dei%20cookie<\/p>\n<p>b) Internet Explorer: https:\/\/support.microsoft.com\/it-it\/help\/17442\/windows-internet-explorer-delete-manage-cookies<\/p>\n<p>c) Chrome: https:\/\/support.google.com\/chrome\/answer\/95647?hl=it<\/p>\n<p>d) Opera: http:\/\/help.opera.com\/Windows\/10.00\/it\/cookies.html<\/p>\n<p>e) Safari per Mac: https:\/\/support.apple.com\/it-it\/guide\/safari\/sfri11471\/mac<\/p>\n<p>f) Safari per iOS: http:\/\/support.apple.com\/kb\/HT1677?viewlocale=it_IT<\/p>\n<p>4.4. Segnaliamo inoltre la possibilit\u00e0 di utilizzare strumenti appositi per la gestione della privacy riguardante i cookies a fini pubblicitari come Your Online Choices (http:\/\/www.youronlinechoices.com\/it\/) limitatamente ai network pubblicitari che aderiscono all&#8217;iniziativa. Per ulteriori informazioni, http:\/\/www.edaa.eu.<\/p>\n<h6 style=\"margin-top: 1.5em;\"><span style=\"font-weight: 400;\">Ultimo aggiornamento: 2\/02\/2021<\/span><\/h6>\n<p>Questa pagina \u00e8 visibile mediante link in calce a tutte le pagine del Sito, ai sensi dell\u2019art. 122, secondo comma, del Codice e delle modalit\u00e0 semplificate per l\u2019informativa e l\u2019acquisizione del consenso per l\u2019uso dei cookie contenute nel Provvedimento del Garante della Privacy dell\u20198 maggio 2014, n. 229, pubblicato in Gazzetta Ufficiale n. 126 del 3 giugno 2014.<\/p>\n<p>[\/vc_column_text]<\/div><\/div><!-- \/.sc_content --><\/p>\n<p>[vc_empty_space height=&#8221;4em&#8221; alter_height=&#8221;none&#8221; hide_on_desktop=&#8221;&#8221; hide_on_notebook=&#8221;&#8221; hide_on_tablet=&#8221;&#8221; hide_on_mobile=&#8221;&#8221;][\/vc_column][\/vc_row][vc_row][vc_column icons_position=&#8221;left&#8221;][vc_empty_space height=&#8221;70px&#8221; alter_height=&#8221;none&#8221; hide_on_desktop=&#8221;&#8221; hide_on_notebook=&#8221;&#8221; hide_on_tablet=&#8221;&#8221; hide_on_mobile=&#8221;&#8221;][\/vc_column][\/vc_row][vc_row hide_bg_image_on_tablet=&#8221;&#8221; hide_bg_image_on_mobile=&#8221;&#8221; css=&#8221;.vc_custom_1527690601612{background-color: #f7f8f9 !important;}&#8221;][vc_column icons_position=&#8221;left&#8221;][vc_empty_space height=&#8221;4em&#8221; alter_height=&#8221;none&#8221; hide_on_desktop=&#8221;&#8221; hide_on_notebook=&#8221;&#8221; hide_on_tablet=&#8221;&#8221; hide_on_mobile=&#8221;&#8221;]<div id=\"sc_content_298976399\"\r\n\t\tclass=\"sc_content color_style_default sc_content_default sc_float_center p70\"><div class=\"sc_content_container\">[vc_column_text]<\/p>\n<p>[\/vc_column_text]<\/div><\/div><!-- \/.sc_content -->[vc_empty_space height=&#8221;4em&#8221; alter_height=&#8221;none&#8221; hide_on_desktop=&#8221;&#8221; hide_on_notebook=&#8221;&#8221; hide_on_tablet=&#8221;&#8221; hide_on_mobile=&#8221;&#8221;][\/vc_column][\/vc_row][vc_row][vc_column icons_position=&#8221;left&#8221;][vc_empty_space height=&#8221;70px&#8221; alter_height=&#8221;none&#8221; hide_on_desktop=&#8221;&#8221; hide_on_notebook=&#8221;&#8221; hide_on_tablet=&#8221;&#8221; hide_on_mobile=&#8221;&#8221;][\/vc_column][\/vc_row][vc_row hide_bg_image_on_tablet=&#8221;&#8221; hide_bg_image_on_mobile=&#8221;&#8221; css=&#8221;.vc_custom_1527690611459{background-color: #f7f8f9 !important;}&#8221;][vc_column icons_position=&#8221;left&#8221;][vc_empty_space height=&#8221;4em&#8221; alter_height=&#8221;none&#8221; hide_on_desktop=&#8221;&#8221; hide_on_notebook=&#8221;&#8221; hide_on_tablet=&#8221;&#8221; hide_on_mobile=&#8221;&#8221;]<div id=\"sc_content_315036992\"\r\n\t\tclass=\"sc_content color_style_default sc_content_default sc_float_center p70\"><div class=\"sc_content_container\">[vc_column_text]<br \/>\n[\/vc_column_text]<\/div><\/div><!-- \/.sc_content -->[vc_empty_space height=&#8221;4em&#8221; alter_height=&#8221;none&#8221; hide_on_desktop=&#8221;&#8221; hide_on_notebook=&#8221;&#8221; hide_on_tablet=&#8221;&#8221; hide_on_mobile=&#8221;&#8221;][\/vc_column][\/vc_row]<\/p>\n","protected":false},"excerpt":{"rendered":"<p>[vc_row hide_bg_image_on_tablet=&#8221;&#8221; hide_bg_image_on_mobile=&#8221;&#8221; css=&#8221;.vc_custom_1527690588959{background-color: #f7f8f9 !important;}&#8221;][vc_column icons_position=&#8221;left&#8221;][vc_empty_space height=&#8221;4em&#8221; alter_height=&#8221;none&#8221; hide_on_desktop=&#8221;&#8221; hide_on_notebook=&#8221;&#8221; hide_on_tablet=&#8221;&#8221; hide_on_mobile=&#8221;&#8221;] [vc_empty_space height=&#8221;4em&#8221; alter_height=&#8221;none&#8221; hide_on_desktop=&#8221;&#8221; hide_on_notebook=&#8221;&#8221; hide_on_tablet=&#8221;&#8221; hide_on_mobile=&#8221;&#8221;][\/vc_column][\/vc_row][vc_row][vc_column icons_position=&#8221;left&#8221;][vc_empty_space height=&#8221;70px&#8221; alter_height=&#8221;none&#8221; hide_on_desktop=&#8221;&#8221; hide_on_notebook=&#8221;&#8221; hide_on_tablet=&#8221;&#8221; hide_on_mobile=&#8221;&#8221;][\/vc_column][\/vc_row][vc_row hide_bg_image_on_tablet=&#8221;&#8221; hide_bg_image_on_mobile=&#8221;&#8221; css=&#8221;.vc_custom_1527690601612{background-color:&hellip;<\/p>\n","protected":false},"author":1,"featured_media":0,"parent":0,"menu_order":0,"comment_status":"closed","ping_status":"closed","template":"","meta":[],"_links":{"self":[{"href":"https:\/\/www.nutrirsi.net\/index.php?rest_route=\/wp\/v2\/pages\/1606"}],"collection":[{"href":"https:\/\/www.nutrirsi.net\/index.php?rest_route=\/wp\/v2\/pages"}],"about":[{"href":"https:\/\/www.nutrirsi.net\/index.php?rest_route=\/wp\/v2\/types\/page"}],"author":[{"embeddable":true,"href":"https:\/\/www.nutrirsi.net\/index.php?rest_route=\/wp\/v2\/users\/1"}],"replies":[{"embeddable":true,"href":"https:\/\/www.nutrirsi.net\/index.php?rest_route=%2Fwp%2Fv2%2Fcomments&post=1606"}],"version-history":[{"count":31,"href":"https:\/\/www.nutrirsi.net\/index.php?rest_route=\/wp\/v2\/pages\/1606\/revisions"}],"predecessor-version":[{"id":1730,"href":"https:\/\/www.nutrirsi.net\/index.php?rest_route=\/wp\/v2\/pages\/1606\/revisions\/1730"}],"wp:attachment":[{"href":"https:\/\/www.nutrirsi.net\/index.php?rest_route=%2Fwp%2Fv2%2Fmedia&parent=1606"}],"curies":[{"name":"wp","href":"https:\/\/api.w.org\/{rel}","templated":true}]}}