{"id":2419,"date":"2021-05-17T13:51:58","date_gmt":"2021-05-17T11:51:58","guid":{"rendered":"http:\/\/www.nutrirsi.net\/?page_id=2419"},"modified":"2021-05-17T13:53:18","modified_gmt":"2021-05-17T11:53:18","slug":"trattamento-per-obesit","status":"publish","type":"page","link":"https:\/\/www.nutrirsi.net\/?page_id=2419","title":{"rendered":"Trattamento per obesit&agrave;"},"content":{"rendered":"<p>[vc_empty_space alter_height=&#8221;huge&#8221; hide_on_desktop=&#8221;&#8221; hide_on_notebook=&#8221;&#8221; hide_on_tablet=&#8221;&#8221; hide_on_mobile=&#8221;&#8221; css=&#8221;.vc_custom_1513260677302{margin-top: 0.25rem !important;}&#8221;]<\/p>\n<h3>Trattamento per obesit&agrave;<\/h3>\n<p>\n<img src=\"http:\/\/www.nutrirsi.net\/wp\/wp-content\/uploads\/2021\/01\/obesita_dieta.jpg\" width=\"50%\" \/><\/p>\n<p><\/p>\n<p style=\"text-align: justify\"><b>Trattamento di obesit&agrave;<\/b> e di <b>stati disfunzionali psicofisici<\/b>, che sono sempre dovuti a incompletezza e scarsa qualit\u00e0 nutrizionale nella prima parte del giorno.<br \/> Decenni di esperienza hanno sancito che non \u00e8 l\u2019eccesso alimentare la causa di ingrassamento e di stati patologici. Sono sempre i <b>deficit nutritivi nella prima parte del giorno<\/b> che, riducendo il recupero di massa magra attiva, limitano il consumo calorico, la voglia di muoversi e di agire e la funzionalit\u00e0 organica, oltre che la capacit\u00e0 di gestire in modo costruttivo gli stress, provocando fame compensativa pomeridiano-serale. Pasti disordinati e poco qualitativi nella seconda parte del giorno, quando il metabolismo \u00e8 pi\u00f9 lento, portano ad accumulare grasso di prevenzione per la memoria delle falle alimentari mattutine maturata dall\u2019organismo.<br \/> In pi\u00f9, di sera,  vengono sovraccaricati gli organi che devono affrontare digestioni particolarmente ostili in orari che sarebbero naturalmente di quiete per essi.<br \/>\nUna delle dimostrazioni di ci\u00f2 che viene specificato \u00e8 che tutti i grandi obesi sono diventati tali perch\u00e9 hanno a pi\u00f9 riprese tentato di dimagrire mediante restrizioni nutritive, venendone fuori sempre con pi\u00f9 grasso corporeo di riserva rispetto a prima&#8230; e sempre con maggiori disfunzioni organiche.<br \/>\n<b>Dimagrire<\/b> significa apportare tutti i nutrienti in forma saziante e gustosa in modo cronologicamente corretto, altrimenti il tutto si traduce in un calvario senza uscita.<\/p>\n<div class=\"sc_services_item_button sc_item_button\"><a href=\"https:\/\/www.nutrirsi.net\/wp\/?page_id=1158\" class=\"sc_button sc_button color_style_link2\">Contattaci<\/a><\/div>\n<\/div>\n<\/div>\n<\/div>\n","protected":false},"excerpt":{"rendered":"<p>[vc_empty_space alter_height=&#8221;huge&#8221; hide_on_desktop=&#8221;&#8221; hide_on_notebook=&#8221;&#8221; hide_on_tablet=&#8221;&#8221; hide_on_mobile=&#8221;&#8221; css=&#8221;.vc_custom_1513260677302{margin-top: 0.25rem !important;}&#8221;] Trattamento per obesit&agrave; Trattamento di obesit&agrave; e di stati disfunzionali psicofisici, che sono sempre dovuti a incompletezza e scarsa qualit\u00e0 nutrizionale&hellip;<\/p>\n","protected":false},"author":1,"featured_media":0,"parent":0,"menu_order":0,"comment_status":"closed","ping_status":"closed","template":"","meta":[],"_links":{"self":[{"href":"https:\/\/www.nutrirsi.net\/index.php?rest_route=\/wp\/v2\/pages\/2419"}],"collection":[{"href":"https:\/\/www.nutrirsi.net\/index.php?rest_route=\/wp\/v2\/pages"}],"about":[{"href":"https:\/\/www.nutrirsi.net\/index.php?rest_route=\/wp\/v2\/types\/page"}],"author":[{"embeddable":true,"href":"https:\/\/www.nutrirsi.net\/index.php?rest_route=\/wp\/v2\/users\/1"}],"replies":[{"embeddable":true,"href":"https:\/\/www.nutrirsi.net\/index.php?rest_route=%2Fwp%2Fv2%2Fcomments&post=2419"}],"version-history":[{"count":3,"href":"https:\/\/www.nutrirsi.net\/index.php?rest_route=\/wp\/v2\/pages\/2419\/revisions"}],"predecessor-version":[{"id":2422,"href":"https:\/\/www.nutrirsi.net\/index.php?rest_route=\/wp\/v2\/pages\/2419\/revisions\/2422"}],"wp:attachment":[{"href":"https:\/\/www.nutrirsi.net\/index.php?rest_route=%2Fwp%2Fv2%2Fmedia&parent=2419"}],"curies":[{"name":"wp","href":"https:\/\/api.w.org\/{rel}","templated":true}]}}